{"id":18,"date":"2020-10-04T13:58:48","date_gmt":"2020-10-04T13:58:48","guid":{"rendered":"http:\/\/kapellteknik.se\/?page_id=18"},"modified":"2020-10-06T05:58:47","modified_gmt":"2020-10-06T05:58:47","slug":"kapellteknik","status":"publish","type":"page","link":"https:\/\/kapellteknik.se\/","title":{"rendered":""},"content":{"rendered":"\n<blockquote class=\"wp-block-quote is-style-default\"><p>Marins\u00f6mnad       <\/p><p>B\u00e5tkapell<\/p><p>\u00c4lgskinn till b\u00e5trattar                              <\/p><\/blockquote>\n\n\n<!-- print_my_responsive_photo_gallery_func --><div id=\"divSliderMain_admin_gallery_slider6a07bf730b405\" style=\"max-width:550px;\">\n        <ul id=\"gallery_slider6a07bf730b405\" style=\"visibility: hidden\">\n                     \n                    <li><img data-target=\"1\" data-href=\"\" org-src-=\"https:\/\/kapellteknik.se\/wp-content\/uploads\/wp-responsive-photo-gallery\/034_400_550.jpg\"  \/><\/li> \n\n                             \n                    <li><img data-target=\"1\" data-href=\"\" org-src-=\"https:\/\/kapellteknik.se\/wp-content\/uploads\/wp-responsive-photo-gallery\/102_400_550.jpg\"  \/><\/li> \n\n                             \n                    <li><img data-target=\"1\" data-href=\"\" org-src-=\"https:\/\/kapellteknik.se\/wp-content\/uploads\/wp-responsive-photo-gallery\/100_400_550.jpg\"  \/><\/li> \n\n                             \n                    <li><img data-target=\"1\" data-href=\"\" org-src-=\"https:\/\/kapellteknik.se\/wp-content\/uploads\/wp-responsive-photo-gallery\/103_400_550.jpg\"  \/><\/li> \n\n                             \n                    <li><img data-target=\"1\" data-href=\"\" org-src-=\"https:\/\/kapellteknik.se\/wp-content\/uploads\/wp-responsive-photo-gallery\/108_400_550.jpg\"  \/><\/li> \n\n                             \n                    <li><img data-target=\"1\" data-href=\"\" org-src-=\"https:\/\/kapellteknik.se\/wp-content\/uploads\/wp-responsive-photo-gallery\/IMG_0103_400_550.jpg\"  \/><\/li> \n\n                             \n                    <li><img data-target=\"1\" data-href=\"\" org-src-=\"https:\/\/kapellteknik.se\/wp-content\/uploads\/wp-responsive-photo-gallery\/IMG_0226_400_550.jpg\"  \/><\/li> \n\n                             \n                    <li><img data-target=\"1\" data-href=\"\" org-src-=\"https:\/\/kapellteknik.se\/wp-content\/uploads\/wp-responsive-photo-gallery\/IMG_0215_400_550.jpg\"  \/><\/li> \n\n                             \n                    <li><img data-target=\"1\" data-href=\"\" org-src-=\"https:\/\/kapellteknik.se\/wp-content\/uploads\/wp-responsive-photo-gallery\/IMG_0206_400_550.jpg\"  \/><\/li> \n\n                             \n                    <li><img data-target=\"1\" data-href=\"\" org-src-=\"https:\/\/kapellteknik.se\/wp-content\/uploads\/wp-responsive-photo-gallery\/IMG_0287_400_550.jpg\"  \/><\/li> \n\n                             \n                    <li><img data-target=\"1\" data-href=\"\" org-src-=\"https:\/\/kapellteknik.se\/wp-content\/uploads\/wp-responsive-photo-gallery\/IMG_0292_400_550.jpg\"  \/><\/li> \n\n                             \n                    <li><img data-target=\"1\" data-href=\"\" org-src-=\"https:\/\/kapellteknik.se\/wp-content\/uploads\/wp-responsive-photo-gallery\/IMG_0317_400_550.jpg\"  \/><\/li> \n\n                             \n                    <li><img data-target=\"1\" data-href=\"\" org-src-=\"https:\/\/kapellteknik.se\/wp-content\/uploads\/wp-responsive-photo-gallery\/IMG_0315_400_550.jpg\"  \/><\/li> \n\n                             \n                    <li><img data-target=\"1\" data-href=\"\" org-src-=\"https:\/\/kapellteknik.se\/wp-content\/uploads\/wp-responsive-photo-gallery\/IMG_0322_400_550.jpg\"  \/><\/li> \n\n                             \n                    <li><img data-target=\"1\" data-href=\"\" org-src-=\"https:\/\/kapellteknik.se\/wp-content\/uploads\/wp-responsive-photo-gallery\/IMG_0319_400_550.jpg\"  \/><\/li> \n\n                             \n                    <li><img data-target=\"1\" data-href=\"\" org-src-=\"https:\/\/kapellteknik.se\/wp-content\/uploads\/wp-responsive-photo-gallery\/IMG_0324_400_550.jpg\"  \/><\/li> \n\n                             \n                    <li><img data-target=\"1\" data-href=\"\" org-src-=\"https:\/\/kapellteknik.se\/wp-content\/uploads\/wp-responsive-photo-gallery\/IMG_0325_400_550.jpg\"  \/><\/li> \n\n                             \n                    <li><img data-target=\"1\" data-href=\"\" org-src-=\"https:\/\/kapellteknik.se\/wp-content\/uploads\/wp-responsive-photo-gallery\/IMG_0323_400_550.jpg\"  \/><\/li> \n\n                             \n                    <li><img data-target=\"1\" data-href=\"\" org-src-=\"https:\/\/kapellteknik.se\/wp-content\/uploads\/wp-responsive-photo-gallery\/IMG_0341_400_550.jpg\"  \/><\/li> \n\n                             \n                    <li><img data-target=\"1\" data-href=\"\" org-src-=\"https:\/\/kapellteknik.se\/wp-content\/uploads\/wp-responsive-photo-gallery\/IMG_0333_400_550.jpg\"  \/><\/li> \n\n                             \n                    <li><img data-target=\"1\" data-href=\"\" org-src-=\"https:\/\/kapellteknik.se\/wp-content\/uploads\/wp-responsive-photo-gallery\/IMG_0345.jpg\"  \/><\/li> \n\n                             \n                    <li><img data-target=\"1\" data-href=\"\" org-src-=\"https:\/\/kapellteknik.se\/wp-content\/uploads\/wp-responsive-photo-gallery\/IMG_0344__.jpg\"  \/><\/li> \n\n                             \n                    <li><img data-target=\"1\" data-href=\"\" org-src-=\"https:\/\/kapellteknik.se\/wp-content\/uploads\/wp-responsive-photo-gallery\/IMG_0342__.jpg\"  \/><\/li> \n\n                             \n                    <li><img data-target=\"1\" data-href=\"\" org-src-=\"https:\/\/kapellteknik.se\/wp-content\/uploads\/wp-responsive-photo-gallery\/IMG_0347__.jpg\"  \/><\/li> \n\n                             \n                    <li><img data-target=\"1\" data-href=\"\" org-src-=\"https:\/\/kapellteknik.se\/wp-content\/uploads\/wp-responsive-photo-gallery\/IMG_0346__.jpg\"  \/><\/li> \n\n                             \n                    <li><img data-target=\"1\" data-href=\"\" org-src-=\"https:\/\/kapellteknik.se\/wp-content\/uploads\/wp-responsive-photo-gallery\/IMG_0354__.jpg\"  \/><\/li> \n\n                             \n                    <li><img data-target=\"1\" data-href=\"\" org-src-=\"https:\/\/kapellteknik.se\/wp-content\/uploads\/wp-responsive-photo-gallery\/IMG_0353__.jpg\"  \/><\/li> \n\n                             \n                    <li><img data-target=\"1\" data-href=\"\" org-src-=\"https:\/\/kapellteknik.se\/wp-content\/uploads\/wp-responsive-photo-gallery\/IMG_0352__.jpg\"  \/><\/li> \n\n                             \n                    <li><img data-target=\"1\" data-href=\"\" org-src-=\"https:\/\/kapellteknik.se\/wp-content\/uploads\/wp-responsive-photo-gallery\/IMG_0355__.jpg\"  \/><\/li> \n\n                             \n                    <li><img data-target=\"1\" data-href=\"\" org-src-=\"https:\/\/kapellteknik.se\/wp-content\/uploads\/wp-responsive-photo-gallery\/IMG_0356__.jpg\"  \/><\/li> \n\n                             \n                    <li><img data-target=\"1\" data-href=\"\" org-src-=\"https:\/\/kapellteknik.se\/wp-content\/uploads\/wp-responsive-photo-gallery\/IMG_0358__.jpg\"  \/><\/li> \n\n                             \n                    <li><img data-target=\"1\" data-href=\"\" org-src-=\"https:\/\/kapellteknik.se\/wp-content\/uploads\/wp-responsive-photo-gallery\/IMG_0359__.jpg\"  \/><\/li> \n\n                             \n                    <li><img data-target=\"1\" data-href=\"\" org-src-=\"https:\/\/kapellteknik.se\/wp-content\/uploads\/wp-responsive-photo-gallery\/IMG_0357__.jpg\"  \/><\/li> \n\n                             \n                    <li><img data-target=\"1\" data-href=\"\" org-src-=\"https:\/\/kapellteknik.se\/wp-content\/uploads\/wp-responsive-photo-gallery\/IMG_0361__.jpg\"  \/><\/li> \n\n                             \n                    <li><img data-target=\"1\" data-href=\"\" org-src-=\"https:\/\/kapellteknik.se\/wp-content\/uploads\/wp-responsive-photo-gallery\/IMG_0360__.jpg\"  \/><\/li> \n\n                             \n                    <li><img data-target=\"1\" data-href=\"\" org-src-=\"https:\/\/kapellteknik.se\/wp-content\/uploads\/wp-responsive-photo-gallery\/IMG_0363__.jpg\"  \/><\/li> \n\n                             \n                    <li><img data-target=\"1\" data-href=\"\" org-src-=\"https:\/\/kapellteknik.se\/wp-content\/uploads\/wp-responsive-photo-gallery\/IMG_0362__.jpg\"  \/><\/li> \n\n                       \n                   \n        <\/ul>\n    <\/div>                  \n    <script type=\"text\/javascript\">\n\n\n                      \n        var interval_6a07bf7325e15 = setInterval(function() {\n\n        if(document.readyState === 'complete') {\n\n           clearInterval(interval_6a07bf7325e15);\n            \n                \n        \n                jQuery(\"#gallery_slider6a07bf730b405\").css('visibility','visible');\n                 \n                var galleryItems2064;\n                jQuery(function(){\n                        galleryItems2064 = jQuery(\"#gallery_slider6a07bf730b405\");\n\n                        var galleryItemDivs = jQuery('#divSliderMain_admin_gallery_slider6a07bf730b405');\n\n                        galleryItems2064.each(function (index, item){\n                                item.parent_data = jQuery(item).parent(\"#divSliderMain_admin_gallery_slider6a07bf730b405\");\n                        });\n\n                        galleryItemDivs.each(function(index, item){\n\n                                jQuery(\"ul\",this).galleryView({\n\n                                        transition_speed:1000,         \/\/INT - duration of panel\/frame transition (in milliseconds)\n                                        transition_interval:4000,         \/\/INT - delay between panel\/frame transitions (in milliseconds)\n                                        easing:'',                 \/\/STRING - easing method to use for animations (jQuery provides 'swing' or 'linear', more available with jQuery UI or Easing plugin)\n                                        show_panels:true,                 \/\/BOOLEAN - flag to show or hide panel portion of gallery\n                                        show_panel_nav:true,             \/\/BOOLEAN - flag to show or hide panel navigation buttons\n                                        enable_overlays:false,             \/\/BOOLEAN - flag to show or hide panel overlays\n                                        panel_width:550,                 \/\/INT - width of gallery panel (in pixels)\n                                        panel_height:400,                 \/\/INT - height of gallery panel (in pixels)\n                                        panel_animation:'fade',         \/\/STRING - animation method for panel transitions (crossfade,fade,slide,none)\n                                        panel_scale: 'crop',             \/\/STRING - cropping option for panel images (crop = scale image and fit to aspect ratio determined by panel_width and panel_height, fit = scale image and preserve original aspect ratio)\n                                        overlay_position:'bottom',     \/\/STRING - position of panel overlay (bottom, top)\n                                        pan_images:true,                \/\/BOOLEAN - flag to allow user to grab\/drag oversized images within gallery\n                                        pan_style:'drag',                \/\/STRING - panning method (drag = user clicks and drags image to pan, track = image automatically pans based on mouse position\n                                        start_frame:'1',                 \/\/INT - index of panel\/frame to show first when gallery loads\n                                        show_filmstrip:true,             \/\/BOOLEAN - flag to show or hide filmstrip portion of gallery\n                                        show_filmstrip_nav:false,         \/\/BOOLEAN - flag indicating whether to display navigation buttons\n                                        enable_slideshow:true,            \/\/BOOLEAN - flag indicating whether to display slideshow play\/pause button\n                                        autoplay:true,                \/\/BOOLEAN - flag to start slideshow on gallery load\n                                        show_captions:false,             \/\/BOOLEAN - flag to show or hide frame captions    \n                                        filmstrip_style: 'scroll',         \/\/STRING - type of filmstrip to use (scroll = display one line of frames, scroll filmstrip if necessary, showall = display multiple rows of frames if necessary)\n                                        filmstrip_position:'bottom',     \/\/STRING - position of filmstrip within gallery (bottom, top, left, right)\n                                        frame_width:80,                 \/\/INT - width of filmstrip frames (in pixels)\n                                        frame_height:80,                 \/\/INT - width of filmstrip frames (in pixels)\n                                        frame_opacity:0.4,             \/\/FLOAT - transparency of non-active frames (1.0 = opaque, 0.0 = transparent)\n                                        frame_scale: 'crop',             \/\/STRING - cropping option for filmstrip images (same as above)\n                                        frame_gap:1,                     \/\/INT - spacing between frames within filmstrip (in pixels)\n                                        show_infobar:false,                \/\/BOOLEAN - flag to show or hide infobar\n                                        infobar_opacity:1,               \/\/FLOAT - transparency for info bar\n                                        clickable: 'all'\n\n                                });\n\n                        }); \n\n\n                        var oldsize_w2064=550;\n                        var oldsize_h2064=400;\n\n                        function resizegallery2064(){\n\n                            if(galleryItems2064==undefined){return;}\n                            galleryItems2064.each(function (index, item){\n                                    var $parent = item.parent_data;\n\n                                    \/\/ width based on parent?\n                                    var width = ($parent.innerWidth()-10);\/\/2 times 5 pixels margin\n                                    var height = ($parent.innerHeight()-10);\/\/2 times 5 pixels margin\n                                    if(oldsize_w2064==width){\n                                        return;\n                                    }\n                                    oldsize_w2064=width;\n                                    var resizeToHeight=width\/3*2;\n                                    if(resizeToHeight>400){\n                                        resizeToHeight=400;  \n                                    }\n                                    thumbfactor = width\/(550-10);\n\n                                    jQuery(item).resizeGalleryView(\n                                        width, \n                                        resizeToHeight, 80*thumbfactor, 80*thumbfactor);\n\n                            });\n                        }\n\n                        var inited2064=false;\n\n                        function onresize2064(){  \n                            resizegallery2064();\n                            inited2064=true;\n                        }\n\n\n                        jQuery(window).resize(onresize2064);\n                        jQuery( document ).ready(function() {\n                                onresize2064();\n                        }); \n\n                });   \n\n\n         }    \n        }, 100);\n\n\n    <\/script><!-- end print_my_responsive_photo_gallery_func -->\n","protected":false},"excerpt":{"rendered":"<p>Marins\u00f6mnad B\u00e5tkapell \u00c4lgskinn till b\u00e5trattar<\/p>\n","protected":false},"author":1,"featured_media":126,"parent":0,"menu_order":0,"comment_status":"closed","ping_status":"closed","template":"","meta":{"_links_to":"","_links_to_target":""},"_links":{"self":[{"href":"https:\/\/kapellteknik.se\/index.php\/wp-json\/wp\/v2\/pages\/18"}],"collection":[{"href":"https:\/\/kapellteknik.se\/index.php\/wp-json\/wp\/v2\/pages"}],"about":[{"href":"https:\/\/kapellteknik.se\/index.php\/wp-json\/wp\/v2\/types\/page"}],"author":[{"embeddable":true,"href":"https:\/\/kapellteknik.se\/index.php\/wp-json\/wp\/v2\/users\/1"}],"replies":[{"embeddable":true,"href":"https:\/\/kapellteknik.se\/index.php\/wp-json\/wp\/v2\/comments?post=18"}],"version-history":[{"count":8,"href":"https:\/\/kapellteknik.se\/index.php\/wp-json\/wp\/v2\/pages\/18\/revisions"}],"predecessor-version":[{"id":125,"href":"https:\/\/kapellteknik.se\/index.php\/wp-json\/wp\/v2\/pages\/18\/revisions\/125"}],"wp:featuredmedia":[{"embeddable":true,"href":"https:\/\/kapellteknik.se\/index.php\/wp-json\/wp\/v2\/media\/126"}],"wp:attachment":[{"href":"https:\/\/kapellteknik.se\/index.php\/wp-json\/wp\/v2\/media?parent=18"}],"curies":[{"name":"wp","href":"https:\/\/api.w.org\/{rel}","templated":true}]}}